{"id":36,"date":"2021-09-23T22:30:27","date_gmt":"2021-09-23T20:30:27","guid":{"rendered":"https:\/\/ressources-humaines-consulting.com\/?page_id=36"},"modified":"2023-01-23T09:48:19","modified_gmt":"2023-01-23T08:48:19","slug":"presentation","status":"publish","type":"page","link":"https:\/\/ressources-humaines-consulting.com\/","title":{"rendered":"Pr\u00e9sentation"},"content":{"rendered":"<p class=\"has-text-align-center has-white-color has-text-color has-background\" style=\"background-color:#a3a3a3;font-size:18px\">L\u2019Agence a \u00e9t\u00e9 cr\u00e9\u00e9e pour aider les expatri\u00e9s, les nomades digitaux ainsi que leur famille \u00e0 d\u00e9finir ou red\u00e9finir leur projet professionnel&nbsp;et personnel.&nbsp;<br><br>Vous cherchez une formation ? Besoin de faire le bilan ?&nbsp;<br>Vous \u00eates au bon endroit !&nbsp;<\/p><p><\/p><div class=\"wp-block-columns is-layout-flex wp-container-core-columns-is-layout-1 wp-block-columns-is-layout-flex\"><div class=\"wp-block-column is-layout-flow wp-block-column-is-layout-flow\" style=\"flex-basis:80%\"><p class=\"has-white-color has-text-color has-background has-medium-font-size\" style=\"background-color:#a3a3a3\"><meta charset=\"utf-8\">Je souhaite devenir ind\u00e9pendant, je me lance<\/p><\/div>\n\n<div class=\"wp-block-column is-layout-flow wp-block-column-is-layout-flow\" style=\"flex-basis:20%\"><div class=\"wp-block-buttons has-custom-font-size has-medium-font-size is-horizontal is-content-justification-center is-layout-flex wp-container-core-buttons-is-layout-1 wp-block-buttons-is-layout-flex\"><div class=\"wp-block-button has-custom-width wp-block-button__width-50 has-custom-font-size\" style=\"font-size:14px\"><a class=\"wp-block-button__link wp-element-button\" href=\"https:\/\/ressources-humaines-consulting.com\/index.php\/creation-dentreprise\/\">ici<\/a><\/div><\/div><\/div><\/div><div class=\"wp-block-columns is-layout-flex wp-container-core-columns-is-layout-2 wp-block-columns-is-layout-flex\"><div class=\"wp-block-column is-layout-flow wp-block-column-is-layout-flow\" style=\"flex-basis:80%\"><p class=\"has-white-color has-text-color has-background has-medium-font-size\" style=\"background-color:#a3a3a3\">Je souhaite r\u00e9aliser un bilan de comp\u00e9tences afin de d\u00e9finir ma prochaine activit\u00e9<\/p><\/div>\n\n<div class=\"wp-block-column is-layout-flow wp-block-column-is-layout-flow\" style=\"flex-basis:20%\"><div class=\"wp-block-buttons is-horizontal is-content-justification-center is-layout-flex wp-container-core-buttons-is-layout-2 wp-block-buttons-is-layout-flex\"><div class=\"wp-block-button has-custom-width wp-block-button__width-50 has-custom-font-size\" style=\"font-size:14px\"><a class=\"wp-block-button__link wp-element-button\" href=\"https:\/\/ressources-humaines-consulting.com\/index.php\/bilan-de-competence\/\/\">ici<\/a><\/div><\/div><\/div><\/div><div class=\"wp-block-columns is-layout-flex wp-container-core-columns-is-layout-3 wp-block-columns-is-layout-flex\"><div class=\"wp-block-column is-layout-flow wp-block-column-is-layout-flow\" style=\"flex-basis:80%\"><p class=\"has-white-color has-text-color has-background has-medium-font-size\" style=\"background-color:#a3a3a3\"><meta charset=\"utf-8\">Formation&nbsp;Devenir&nbsp;Coach Carrer &amp; Recruteur en 30 jours<\/p><\/div>\n\n<div class=\"wp-block-column is-layout-flow wp-block-column-is-layout-flow\" style=\"flex-basis:20%\"><div class=\"wp-block-buttons is-horizontal is-content-justification-center is-layout-flex wp-container-core-buttons-is-layout-3 wp-block-buttons-is-layout-flex\"><div class=\"wp-block-button has-custom-width wp-block-button__width-50 has-custom-font-size\" style=\"font-size:14px\"><a class=\"wp-block-button__link wp-element-button\" href=\"https:\/\/devenez-independant.com\/devenez-recruteur\/\">ici<\/a><\/div><\/div><\/div><\/div><div class=\"wp-block-columns is-layout-flex wp-container-core-columns-is-layout-4 wp-block-columns-is-layout-flex\"><div class=\"wp-block-column is-layout-flow wp-block-column-is-layout-flow\" style=\"flex-basis:80%\"><p class=\"has-white-color has-text-color has-background has-medium-font-size\" style=\"background-color:#a3a3a3\"><meta charset=\"utf-8\">Je souhaite que mon ado r\u00e9alise un bilan d&rsquo;orientation professionnelle<\/p><\/div>\n\n<div class=\"wp-block-column is-layout-flow wp-block-column-is-layout-flow\" style=\"flex-basis:20%\"><div class=\"wp-block-buttons is-horizontal is-content-justification-center is-layout-flex wp-container-core-buttons-is-layout-4 wp-block-buttons-is-layout-flex\"><div class=\"wp-block-button has-custom-width wp-block-button__width-50 has-custom-font-size\" style=\"font-size:14px\"><a class=\"wp-block-button__link wp-element-button\" href=\"https:\/\/ressources-humaines-consulting.com\/index.php\/bilan-dorientation-scolaire-basique\/\">ici<\/a><\/div><\/div><\/div><\/div><div class=\"wp-block-columns is-layout-flex wp-container-core-columns-is-layout-6 wp-block-columns-is-layout-flex\"><div class=\"wp-block-column is-layout-flow wp-block-column-is-layout-flow\" style=\"flex-basis:80%\"><div class=\"wp-block-columns is-layout-flex wp-container-core-columns-is-layout-5 wp-block-columns-is-layout-flex\"><div class=\"wp-block-column is-layout-flow wp-block-column-is-layout-flow\" style=\"flex-basis:100%\"><p class=\"has-white-color has-text-color has-background has-medium-font-size\" style=\"background-color:#a3a3a3\"><meta charset=\"utf-8\">Je souhaite vous contacter tout simplement \/ r\u00e9pondre a une offre d&#8217;emploi<\/p><\/div><\/div><\/div>\n\n<div class=\"wp-block-column is-layout-flow wp-block-column-is-layout-flow\" style=\"flex-basis:20%\"><div class=\"wp-block-buttons is-horizontal is-content-justification-center is-layout-flex wp-container-core-buttons-is-layout-5 wp-block-buttons-is-layout-flex\"><div class=\"wp-block-button has-custom-width wp-block-button__width-50 has-custom-font-size\" style=\"font-size:14px\"><a class=\"wp-block-button__link wp-element-button\" href=\"https:\/\/ressources-humaines-consulting.com\/index.php\/formulaire-contact-simple\/\">ici<\/a><\/div><\/div><\/div><\/div><p class=\"has-text-align-center has-white-color has-text-color has-background has-medium-font-size\" style=\"background-color:#a3a3a3\">Pour toutes ces d\u00e9marches, un Coach&nbsp;Career&nbsp;prendra contact avec vous sous 72h maximum, n\u2019oubliez pas de pr\u00e9parer toutes vos questions.&nbsp;<br>Toute l\u2019\u00e9quipe de RH Consulting est&nbsp;\u00e0&nbsp;votre disposition pour r\u00e9pondre&nbsp;\u00e0&nbsp;vos questions et vous aider&nbsp;\u00e0&nbsp;construire un futur durable et p\u00e9renne.&nbsp;&nbsp;<\/p>","protected":false},"excerpt":{"rendered":"<p>L\u2019Agence a \u00e9t\u00e9 cr\u00e9\u00e9e pour aider les expatri\u00e9s, les nomades digitaux ainsi que leur famille \u00e0 d\u00e9finir ou red\u00e9finir leur projet professionnel&nbsp;et personnel.&nbsp; Vous cherchez une formation ? Besoin de faire le bilan ?&nbsp;Vous \u00eates au bon endroit !&nbsp; Je souhaite devenir ind\u00e9pendant, je me lance Je souhaite r\u00e9aliser un bilan de comp\u00e9tences afin de d\u00e9finir ma prochaine activit\u00e9 Formation&nbsp;Devenir&nbsp;Coach Carrer &amp; Recruteur en 30 jours Je souhaite que mon ado r\u00e9alise un bilan d&rsquo;orientation professionnelle Je souhaite vous contacter tout simplement \/ r\u00e9pondre a une offre d&#8217;emploi Pour toutes ces d\u00e9marches, un Coach&nbsp;Career&nbsp;prendra contact avec vous sous 72h maximum, n\u2019oubliez pas de pr\u00e9parer toutes vos questions.&nbsp;Toute l\u2019\u00e9quipe de RH Consulting est&nbsp;\u00e0&nbsp;votre disposition pour r\u00e9pondre&nbsp;\u00e0&nbsp;vos questions et vous aider&nbsp;\u00e0&nbsp;construire un futur durable et p\u00e9renne.&nbsp;&nbsp;<\/p>\n","protected":false},"author":1,"featured_media":0,"parent":0,"menu_order":0,"comment_status":"closed","ping_status":"closed","template":"","meta":{"footnotes":""},"class_list":["post-36","page","type-page","status-publish","hentry"],"_links":{"self":[{"href":"https:\/\/ressources-humaines-consulting.com\/index.php\/wp-json\/wp\/v2\/pages\/36","targetHints":{"allow":["GET"]}}],"collection":[{"href":"https:\/\/ressources-humaines-consulting.com\/index.php\/wp-json\/wp\/v2\/pages"}],"about":[{"href":"https:\/\/ressources-humaines-consulting.com\/index.php\/wp-json\/wp\/v2\/types\/page"}],"author":[{"embeddable":true,"href":"https:\/\/ressources-humaines-consulting.com\/index.php\/wp-json\/wp\/v2\/users\/1"}],"replies":[{"embeddable":true,"href":"https:\/\/ressources-humaines-consulting.com\/index.php\/wp-json\/wp\/v2\/comments?post=36"}],"version-history":[{"count":93,"href":"https:\/\/ressources-humaines-consulting.com\/index.php\/wp-json\/wp\/v2\/pages\/36\/revisions"}],"predecessor-version":[{"id":485,"href":"https:\/\/ressources-humaines-consulting.com\/index.php\/wp-json\/wp\/v2\/pages\/36\/revisions\/485"}],"wp:attachment":[{"href":"https:\/\/ressources-humaines-consulting.com\/index.php\/wp-json\/wp\/v2\/media?parent=36"}],"curies":[{"name":"wp","href":"https:\/\/api.w.org\/{rel}","templated":true}]}}