{"id":97,"date":"2021-09-23T23:19:36","date_gmt":"2021-09-23T21:19:36","guid":{"rendered":"https:\/\/ressources-humaines-consulting.com\/?page_id=97"},"modified":"2023-01-09T14:47:16","modified_gmt":"2023-01-09T13:47:16","slug":"bilan-de-competence","status":"publish","type":"page","link":"https:\/\/ressources-humaines-consulting.com\/index.php\/bilan-de-competence\/","title":{"rendered":"Bilan de comp\u00e9tence"},"content":{"rendered":"<p class=\"has-text-align-center has-white-color has-text-color has-background has-medium-font-size\" style=\"background-color:#a3a3a3\">Bilan de comp\u00e9tences<br>Dur\u00e9e \u202f:&nbsp;24 heures&nbsp;<br>Lieu\u202f:&nbsp;\u00c0 distance&nbsp;<br>Public\u202f : Toute personne souhaitant r\u00e9orienter sa carri\u00e8re professionnelle.<br>Encadr\u00e9 par la loi sur les bilan de comp\u00e9tences.<\/p>\t\t\t\t\t\t<style>\r\n\t\t\t\t<style>\r\n#wpsm_accordion_102 .wpsm_panel-heading{\r\n\tpadding:0px !important;\r\n}\r\n#wpsm_accordion_102 .wpsm_panel-title {\r\n\tmargin:0px !important; \r\n\ttext-transform:none !important;\r\n\tline-height: 1 !important;\r\n}\r\n#wpsm_accordion_102 .wpsm_panel-title a{\r\n\ttext-decoration:none;\r\n\toverflow:hidden;\r\n\tdisplay:block;\r\n\tpadding:0px;\r\n\tfont-size: 18px !important;\r\n\tfont-family: Open Sans !important;\r\n\tcolor:#000000 !important;\r\n\tborder-bottom:0px !important;\r\n}\r\n\r\n#wpsm_accordion_102 .wpsm_panel-title a:focus {\r\noutline: 0px !important;\r\n}\r\n\r\n#wpsm_accordion_102 .wpsm_panel-title a:hover, #wpsm_accordion_102 .wpsm_panel-title a:focus {\r\n\tcolor:#000000 !important;\r\n}\r\n#wpsm_accordion_102 .acc-a{\r\n\tcolor: #000000 !important;\r\n\tbackground-color:#e8e8e8 !important;\r\n\tborder-color: #ddd;\r\n}\r\n#wpsm_accordion_102 .wpsm_panel-default > .wpsm_panel-heading{\r\n\tcolor: #000000 !important;\r\n\tbackground-color: #e8e8e8 !important;\r\n\tborder-color: #e8e8e8 !important;\r\n\tborder-top-left-radius: 0px;\r\n\tborder-top-right-radius: 0px;\r\n}\r\n#wpsm_accordion_102 .wpsm_panel-default {\r\n\t\tborder:1px solid transparent !important;\r\n\t}\r\n#wpsm_accordion_102 {\r\n\tmargin-bottom: 20px;\r\n\toverflow: hidden;\r\n\tfloat: none;\r\n\twidth: 100%;\r\n\tdisplay: block;\r\n}\r\n#wpsm_accordion_102 .ac_title_class{\r\n\tdisplay: block;\r\n\tpadding-top: 12px;\r\n\tpadding-bottom: 12px;\r\n\tpadding-left: 15px;\r\n\tpadding-right: 15px;\r\n}\r\n#wpsm_accordion_102  .wpsm_panel {\r\n\toverflow:hidden;\r\n\t-webkit-box-shadow: 0 0px 0px rgba(0, 0, 0, .05);\r\n\tbox-shadow: 0 0px 0px rgba(0, 0, 0, .05);\r\n\t\tborder-radius: 4px;\r\n\t}\r\n#wpsm_accordion_102  .wpsm_panel + .wpsm_panel {\r\n\t\tmargin-top: 5px;\r\n\t}\r\n#wpsm_accordion_102  .wpsm_panel-body{\r\n\tbackground-color:#ffffff !important;\r\n\tcolor:#000000 !important;\r\n\tborder-top-color: #e8e8e8 !important;\r\n\tfont-size:16px !important;\r\n\tfont-family: Open Sans !important;\r\n\toverflow: hidden;\r\n\t\tborder: 2px solid #e8e8e8 !important;\r\n\t}\r\n\r\n#wpsm_accordion_102 .ac_open_cl_icon{\r\n\tbackground-color:#e8e8e8 !important;\r\n\tcolor: #000000 !important;\r\n\tfloat:right !important;\r\n\tpadding-top: 12px !important;\r\n\tpadding-bottom: 12px !important;\r\n\tline-height: 1.0 !important;\r\n\tpadding-left: 15px !important;\r\n\tpadding-right: 15px !important;\r\n\tdisplay: inline-block !important;\r\n}\r\n\r\n\t\t\t\r\n\t\t\t<\/style>\t\r\n\t\t\t<\/style>\r\n\t\t\t<div class=\"wpsm_panel-group\" id=\"wpsm_accordion_102\" >\r\n\t\t\t\t\t\t\t\t\r\n\t\t\t\t\t<!-- Inner panel Start -->\r\n\t\t\t\t\t<div class=\"wpsm_panel wpsm_panel-default\">\r\n\t\t\t\t\t\t<div class=\"wpsm_panel-heading\" role=\"tab\" >\r\n\t\t\t\t\t\t  <h4 class=\"wpsm_panel-title\">\r\n\t\t\t\t\t\t\t<a  class=\"\"  data-toggle=\"collapse\" data-parent=\"#wpsm_accordion_102 \" href=\"javascript:void(0)\" data-target=\"#ac_102_collapse1\" onclick=\"do_resize()\">\r\n\t\t\t\t\t\t\t\t\t\t\t\t\t\t\t\t\t<span class=\"ac_open_cl_icon fa fa-plus\"><\/span>\r\n\t\t\t\t\t\t\t\t\t\r\n\t\t\t\t\t\t\t\t \r\n\t\t\t\t\t\t\t\t<span class=\"ac_title_class\">\r\n\t\t\t\t\t\t\t\t\t\t\t\t\t\t\t\t\t\t\t\t<span style=\"margin-right:6px;\" class=\"fa fa-bank\"><\/span>\r\n\t\t\t\t\t\t\t\t\tProgramme\t\t\t\t\t\t\t\t<\/span>\r\n\t\t\t\t\t\t\t<\/a>\r\n\t\t\t\t\t\t  <\/h4>\r\n\t\t\t\t\t\t<\/div>\r\n\t\t\t\t\t\t<div id=\"ac_102_collapse1\" class=\"wpsm_panel-collapse collapse \"  >\r\n\t\t\t\t\t\t  <div class=\"wpsm_panel-body\">\r\n\t\t\t\t\t\t\t<p style=\"text-align: center;\">D\u00e9roulement du bilan de comp\u00e9tences \u00e0 distance accompagn\u00e9, votre coach assure personnellement l'accompagnement de votre bilan avec une supervision continue.<\/p>\r\n<p style=\"text-align: left;\"><strong>Phase I : Phase pr\u00e9liminaire.<\/strong><\/p>\r\n<p style=\"text-align: left;\">Un premier contact sans engagement 1 h.<\/p>\r\n<p style=\"text-align: left;\">Aucun pr\u00e9-requis n'est n\u00e9cessaire pour faire un bilan de comp\u00e9tences.<\/p>\r\n<p style=\"text-align: left;\">Lors de ce premier rendez-vous gratuit et sans engagement, nous vous aidons \u00e0 clarifier votre objectif de bilan de comp\u00e9tences, \u00e0 savoir, si votre demande concerne une r\u00e9orientation, une \u00e9volution professionnelle, ou une v\u00e9rification de projet (formation, VAE, cr\u00e9ation ou reprise d'entreprise).<\/p>\r\n<p style=\"text-align: left;\"><strong>Phase II - Investigation - 2 h de diagnostic.<\/strong><\/p>\r\n<p style=\"text-align: left;\">Vous d\u00e9marrez votre bilan avec votre consultant(e).<\/p>\r\n<p style=\"text-align: left;\">Mieux vous conna\u00eetre :<\/p>\r\n<p style=\"text-align: left;\">\u00c9coute et analyse de vos attentes et objectifs \u00e0 court et moyen terme, reconstruction de votre parcours professionnel et de vos orientations, de vos crit\u00e8res de satisfaction, pr\u00e9sentation du contenu et de la m\u00e9thode de travail, des modalit\u00e9s de d\u00e9roulement du bilan de comp\u00e9tences.<\/p>\r\n<p style=\"text-align: left;\">Validation des objectifs de votre bilan de comp\u00e9tences.<\/p>\r\n<p style=\"text-align: left;\"><strong>Phase II - Investigation - 20 h<\/strong><\/p>\r\n<p style=\"text-align: left;\">Votre Coach vous accompagne en d\u00e9marche miroir :<\/p>\r\n<p style=\"text-align: left;\">Identification et analyse de vos comp\u00e9tences, de vos capacit\u00e9s, vos motivations et centres d'int\u00e9r\u00eats professionnels.<\/p>\r\n<p style=\"text-align: left;\">Identification de vos traits de personnalit\u00e9s, de vos axes de d\u00e9veloppement personnel<\/p>\r\n<p style=\"text-align: left;\">Nos outils :<\/p>\r\n<p style=\"text-align: left;\">Inventaire de personnalit\u00e9, vos fonctionnements relationnels, Inventaire des int\u00e9r\u00eats professionnels, par la passation et la restitution des tests : MBTI, Profil PRO-2 (outil identifiant les zones de confort et les \u00e9carts avec les m\u00e9tiers), d\u2019autres tests peuvent compl\u00e9ter cette phase (Profil entrepreneur, profil management, Process Communication, Quotient \u00c9motionnel, Profil Vente, etc.)<\/p>\r\n<p style=\"text-align: left;\">Coaching projectif\u00ae : laissez-vous guider \u00e0 faire \u00e9merger vos comp\u00e9tences, activit\u00e9s, domaines, dans lesquels vous vous projetteriez<\/p>\r\n<p style=\"text-align: left;\">Travail sur vos valeurs, identit\u00e9 professionnelle, environnement, aide \u00e0 la d\u00e9finition d'objectifs concrets et r\u00e9alisables, dans le cadre d'un coaching<\/p>\r\n<p style=\"text-align: left;\">\u00c9laboration des pistes et possibilit\u00e9s de domaines d'activit\u00e9s, de m\u00e9tiers en lien avec vos centres d'int\u00e9r\u00eats, aptitudes, comp\u00e9tences transf\u00e9rables.<\/p>\r\n<p style=\"text-align: left;\">Confrontation \u00e0 l'environnement socio-professionnel (information sur les m\u00e9tiers, les fonctions, les secteurs d'activit\u00e9, les entreprises, le march\u00e9 du travail, recherche de formation, rencontres professionnelles).<\/p>\r\n<p style=\"text-align: left;\">Aide \u00e0 la mise en place d'actions concr\u00e8tes en vue de valider votre projet professionnel<\/p>\r\n<p style=\"text-align: left;\"><strong>Phase III - Les Conclusions - 2 h.<\/strong><\/p>\r\n<p style=\"text-align: left;\">L'objectif de ce rendez-vous est de faire le point sur la r\u00e9alisation de votre projet professionnel et sur le d\u00e9roulement du bilan de comp\u00e9tences, de d\u00e9terminer ensemble les actions \u00e0 poursuivre.<\/p>\r\n<p style=\"text-align: left;\">Lors de cet entretien nous vous pr\u00e9sentons et remettons la synth\u00e8se \u00e9crite de votre bilan de comp\u00e9tences.<\/p>\r\n<p style=\"text-align: left;\">Ce document est strictement confidentiel.<\/p>\r\n<p style=\"text-align: left;\">RH Consulting vous invite \u00e0 un rdv de suivi gratuit a 3 mois et 6 mois apr\u00e8s la restitution de la synth\u00e8se.<\/p>\t\t\t\t\t\t  <\/div>\r\n\t\t\t\t\t\t<\/div>\r\n\t\t\t\t\t<\/div>\r\n\t\t\t\t\t<!-- Inner panel End -->\r\n\t\t\t\t\t\r\n\t\t\t\t\t\t\t<\/div>\r\n\t\t\t\r\n<script type=\"text\/javascript\">\r\n\t\r\n\t\tfunction do_resize(){\r\n\r\n\t\t\tvar width=jQuery( '.wpsm_panel .wpsm_panel-body iframe' ).width();\r\n\t\t\tvar height=jQuery( '.wpsm_panel .wpsm_panel-body iframe' ).height();\r\n\r\n\t\t\tvar toggleSize = true;\r\n\t\t\tjQuery('iframe').animate({\r\n\t\t\t    width: toggleSize ? width : 640,\r\n\t\t\t    height: toggleSize ? height : 360\r\n\t\t\t  }, 250);\r\n\r\n\t\t\t  toggleSize = !toggleSize;\r\n\t\t}\r\n\t\t\r\n<\/script>\t<div class=\"wp-block-buttons is-horizontal is-content-justification-center is-layout-flex wp-container-core-buttons-is-layout-1 wp-block-buttons-is-layout-flex\"><div class=\"wp-block-button has-custom-font-size has-medium-font-size\"><a class=\"wp-block-button__link wp-element-button\" href=\"https:\/\/calendly.com\/devenezindependant\/30min\">R\u00e9servez un appel gratuit <\/a><\/div><\/div>","protected":false},"excerpt":{"rendered":"<p>Bilan de comp\u00e9tencesDur\u00e9e \u202f:&nbsp;24 heures&nbsp;Lieu\u202f:&nbsp;\u00c0 distance&nbsp;Public\u202f : Toute personne souhaitant r\u00e9orienter sa carri\u00e8re professionnelle.Encadr\u00e9 par la loi sur les bilan de comp\u00e9tences.<\/p>\n","protected":false},"author":1,"featured_media":0,"parent":0,"menu_order":0,"comment_status":"closed","ping_status":"closed","template":"","meta":{"footnotes":""},"class_list":["post-97","page","type-page","status-publish","hentry"],"_links":{"self":[{"href":"https:\/\/ressources-humaines-consulting.com\/index.php\/wp-json\/wp\/v2\/pages\/97","targetHints":{"allow":["GET"]}}],"collection":[{"href":"https:\/\/ressources-humaines-consulting.com\/index.php\/wp-json\/wp\/v2\/pages"}],"about":[{"href":"https:\/\/ressources-humaines-consulting.com\/index.php\/wp-json\/wp\/v2\/types\/page"}],"author":[{"embeddable":true,"href":"https:\/\/ressources-humaines-consulting.com\/index.php\/wp-json\/wp\/v2\/users\/1"}],"replies":[{"embeddable":true,"href":"https:\/\/ressources-humaines-consulting.com\/index.php\/wp-json\/wp\/v2\/comments?post=97"}],"version-history":[{"count":13,"href":"https:\/\/ressources-humaines-consulting.com\/index.php\/wp-json\/wp\/v2\/pages\/97\/revisions"}],"predecessor-version":[{"id":472,"href":"https:\/\/ressources-humaines-consulting.com\/index.php\/wp-json\/wp\/v2\/pages\/97\/revisions\/472"}],"wp:attachment":[{"href":"https:\/\/ressources-humaines-consulting.com\/index.php\/wp-json\/wp\/v2\/media?parent=97"}],"curies":[{"name":"wp","href":"https:\/\/api.w.org\/{rel}","templated":true}]}}